{"id":64,"date":"2014-10-10T21:08:51","date_gmt":"2014-10-10T19:08:51","guid":{"rendered":"http:\/\/www.blackys.net\/wp\/?page_id=64"},"modified":"2014-10-15T18:50:31","modified_gmt":"2014-10-15T16:50:31","slug":"about-me","status":"publish","type":"page","link":"http:\/\/www.blackys.net\/wp\/?page_id=64","title":{"rendered":"About me"},"content":{"rendered":"<p><img loading=\"lazy\" decoding=\"async\" class=\"wp-image-125 alignright\" src=\"http:\/\/www.blackys.net\/wp\/wp-content\/uploads\/2014\/10\/convzz2009.01.04-131542_0171-Kopie.jpg\" alt=\"convzz2009.01.04-131542_0171 Kopie\" width=\"324\" height=\"243\" srcset=\"http:\/\/www.blackys.net\/wp\/wp-content\/uploads\/2014\/10\/convzz2009.01.04-131542_0171-Kopie.jpg 1043w, http:\/\/www.blackys.net\/wp\/wp-content\/uploads\/2014\/10\/convzz2009.01.04-131542_0171-Kopie-300x224.jpg 300w\" sizes=\"(max-width: 324px) 100vw, 324px\" \/> Geboren in den 60\u2019ern als Andreas Schwarz hatte ich in jeder Schulstufe zumindest 3 bis 4 Kameraden gleichen Vornamens und so wurde sehr schnell der \u201cBlacky\u201d erfunden.<\/p>\n<p>Und so bin ich diesem Namen (oder Nickname wie es so sch\u00f6n auf neudeutsch hei\u00dft) trotz diverser Verungimpflichungsversuchen (Blazki, Bleck\u00fc, \u2026) treu geblieben und auch an die Frage: \u201d Du bist aber gar nicht schwarz?\u201d hab ich mich im Laufe der Jahre gew\u00f6hnt. Einzig im englischen Sprachraum stell ich mich als Andi vor.<\/p>\n<p>Beruflich bin ich im IT-Gesch\u00e4ft (fr\u00fcher EDV\u00a0<img decoding=\"async\" class=\"wp-smiley\" src=\"http:\/\/www.blackys.net\/wp\/wp-includes\/images\/smilies\/icon_wink.gif\" alt=\";-)\" \/>\u00a0) unterwegs, mal eher im Softwarebereich, dann wieder im Betriebssytem- und Hardwarebereich.<\/p>\n<p>&nbsp;<\/p>\n<p><img loading=\"lazy\" decoding=\"async\" class=\"alignleft  wp-image-126\" src=\"http:\/\/www.blackys.net\/wp\/wp-content\/uploads\/2014\/10\/conv3-2012.04.02-1206_4942.jpg\" alt=\"conv3-2012.04.02-1206_4942\" width=\"290\" height=\"435\" srcset=\"http:\/\/www.blackys.net\/wp\/wp-content\/uploads\/2014\/10\/conv3-2012.04.02-1206_4942.jpg 853w, http:\/\/www.blackys.net\/wp\/wp-content\/uploads\/2014\/10\/conv3-2012.04.02-1206_4942-199x300.jpg 199w, http:\/\/www.blackys.net\/wp\/wp-content\/uploads\/2014\/10\/conv3-2012.04.02-1206_4942-533x800.jpg 533w\" sizes=\"(max-width: 290px) 100vw, 290px\" \/>Meine gro\u00dfe Liebe ist aber das Fliegen. Nach Abschlu\u00df der HTL Flugtechnik wollte ich ja Milit\u00e4rpilot werden, aber leider hat es nur zum Infantrieoberleutnant gereicht. Deshalb hab ich mit 25 Jahren, nach einer nie ganz fertig gewordenen Segelflugausbildung, mit dem Paragleiten begonnen.<br \/>\nDamit nicht genug liebe ich auch noch das Motorradfahren (vorzugsweise BMW), bin also somit ein Adrinalinjunkie erster G\u00fcte.<\/p>\n<p>Tja und dann ist nat\u00fcrlich noch das Fotografieren. Schon als Volksch\u00fcler war ich spitz auf Papas Spiegelreflexkamera. Mein Vater hat das auch recht gef\u00f6rdert. Grundlagen wie Blende, Belichtungszeit, Bildaufbau, Bildwirkung, etc hat er mir schon recht fr\u00fch vermittelt. An dieser Stelle mal ein gro\u00dfes \u201cDanke Papa!\u201d.<\/p>\n<p>Vor ein paar Jahren hat sich dann mein Vater eine digitale Spiegelreflexkamera (Canon 300D) gekauft, und wieder einmal brachte er den Stein ins Rollen, sowas mu\u00dfte ich auch haben! inzwischen bin ich bei der\u00a01DMk3\u00a05DMk3 angelangt \u2026<\/p>\n<p>&nbsp;<\/p>\n<p>Die Ergebnisse k\u00f6nnt ihr ja in der\u00a0<a href=\"http:\/\/gallerie.blackys.net\/\">Gallerie<\/a>\u00a0ansehen<\/p>\n<div class=\"pvc_clear\"><\/div>\n<p id=\"pvc_stats_64\" class=\"pvc_stats all  \" data-element-id=\"64\" style=\"\"><i class=\"pvc-stats-icon medium\" aria-hidden=\"true\"><svg aria-hidden=\"true\" focusable=\"false\" data-prefix=\"far\" data-icon=\"chart-bar\" role=\"img\" xmlns=\"http:\/\/www.w3.org\/2000\/svg\" viewBox=\"0 0 512 512\" class=\"svg-inline--fa fa-chart-bar fa-w-16 fa-2x\"><path fill=\"currentColor\" d=\"M396.8 352h22.4c6.4 0 12.8-6.4 12.8-12.8V108.8c0-6.4-6.4-12.8-12.8-12.8h-22.4c-6.4 0-12.8 6.4-12.8 12.8v230.4c0 6.4 6.4 12.8 12.8 12.8zm-192 0h22.4c6.4 0 12.8-6.4 12.8-12.8V140.8c0-6.4-6.4-12.8-12.8-12.8h-22.4c-6.4 0-12.8 6.4-12.8 12.8v198.4c0 6.4 6.4 12.8 12.8 12.8zm96 0h22.4c6.4 0 12.8-6.4 12.8-12.8V204.8c0-6.4-6.4-12.8-12.8-12.8h-22.4c-6.4 0-12.8 6.4-12.8 12.8v134.4c0 6.4 6.4 12.8 12.8 12.8zM496 400H48V80c0-8.84-7.16-16-16-16H16C7.16 64 0 71.16 0 80v336c0 17.67 14.33 32 32 32h464c8.84 0 16-7.16 16-16v-16c0-8.84-7.16-16-16-16zm-387.2-48h22.4c6.4 0 12.8-6.4 12.8-12.8v-70.4c0-6.4-6.4-12.8-12.8-12.8h-22.4c-6.4 0-12.8 6.4-12.8 12.8v70.4c0 6.4 6.4 12.8 12.8 12.8z\" class=\"\"><\/path><\/svg><\/i> <img loading=\"lazy\" decoding=\"async\" width=\"16\" height=\"16\" alt=\"Loading\" src=\"http:\/\/www.blackys.net\/wp\/wp-content\/plugins\/page-views-count\/ajax-loader-2x.gif\" border=0 \/><\/p>\n<div class=\"pvc_clear\"><\/div>\n","protected":false},"excerpt":{"rendered":"<p>Geboren in den 60\u2019ern als Andreas Schwarz hatte ich in jeder Schulstufe zumindest 3 bis 4 Kameraden gleichen Vornamens und so wurde sehr schnell der \u201cBlacky\u201d erfunden. Und so bin ich diesem Namen (oder Nickname wie es so sch\u00f6n auf neudeutsch hei\u00dft) trotz diverser Verungimpflichungsversuchen (Blazki, Bleck\u00fc, \u2026) treu geblieben und auch an die Frage: [&hellip;]<\/p>\n<div class=\"pvc_clear\"><\/div>\n<p id=\"pvc_stats_64\" class=\"pvc_stats all  \" data-element-id=\"64\" style=\"\"><i class=\"pvc-stats-icon medium\" aria-hidden=\"true\"><svg aria-hidden=\"true\" focusable=\"false\" data-prefix=\"far\" data-icon=\"chart-bar\" role=\"img\" xmlns=\"http:\/\/www.w3.org\/2000\/svg\" viewBox=\"0 0 512 512\" class=\"svg-inline--fa fa-chart-bar fa-w-16 fa-2x\"><path fill=\"currentColor\" d=\"M396.8 352h22.4c6.4 0 12.8-6.4 12.8-12.8V108.8c0-6.4-6.4-12.8-12.8-12.8h-22.4c-6.4 0-12.8 6.4-12.8 12.8v230.4c0 6.4 6.4 12.8 12.8 12.8zm-192 0h22.4c6.4 0 12.8-6.4 12.8-12.8V140.8c0-6.4-6.4-12.8-12.8-12.8h-22.4c-6.4 0-12.8 6.4-12.8 12.8v198.4c0 6.4 6.4 12.8 12.8 12.8zm96 0h22.4c6.4 0 12.8-6.4 12.8-12.8V204.8c0-6.4-6.4-12.8-12.8-12.8h-22.4c-6.4 0-12.8 6.4-12.8 12.8v134.4c0 6.4 6.4 12.8 12.8 12.8zM496 400H48V80c0-8.84-7.16-16-16-16H16C7.16 64 0 71.16 0 80v336c0 17.67 14.33 32 32 32h464c8.84 0 16-7.16 16-16v-16c0-8.84-7.16-16-16-16zm-387.2-48h22.4c6.4 0 12.8-6.4 12.8-12.8v-70.4c0-6.4-6.4-12.8-12.8-12.8h-22.4c-6.4 0-12.8 6.4-12.8 12.8v70.4c0 6.4 6.4 12.8 12.8 12.8z\" class=\"\"><\/path><\/svg><\/i> <img loading=\"lazy\" decoding=\"async\" width=\"16\" height=\"16\" alt=\"Loading\" src=\"http:\/\/www.blackys.net\/wp\/wp-content\/plugins\/page-views-count\/ajax-loader-2x.gif\" border=0 \/><\/p>\n<div class=\"pvc_clear\"><\/div>\n","protected":false},"author":1,"featured_media":0,"parent":0,"menu_order":0,"comment_status":"open","ping_status":"open","template":"","meta":{"ngg_post_thumbnail":0,"footnotes":""},"_links":{"self":[{"href":"http:\/\/www.blackys.net\/wp\/index.php?rest_route=\/wp\/v2\/pages\/64"}],"collection":[{"href":"http:\/\/www.blackys.net\/wp\/index.php?rest_route=\/wp\/v2\/pages"}],"about":[{"href":"http:\/\/www.blackys.net\/wp\/index.php?rest_route=\/wp\/v2\/types\/page"}],"author":[{"embeddable":true,"href":"http:\/\/www.blackys.net\/wp\/index.php?rest_route=\/wp\/v2\/users\/1"}],"replies":[{"embeddable":true,"href":"http:\/\/www.blackys.net\/wp\/index.php?rest_route=%2Fwp%2Fv2%2Fcomments&post=64"}],"version-history":[{"count":4,"href":"http:\/\/www.blackys.net\/wp\/index.php?rest_route=\/wp\/v2\/pages\/64\/revisions"}],"predecessor-version":[{"id":128,"href":"http:\/\/www.blackys.net\/wp\/index.php?rest_route=\/wp\/v2\/pages\/64\/revisions\/128"}],"wp:attachment":[{"href":"http:\/\/www.blackys.net\/wp\/index.php?rest_route=%2Fwp%2Fv2%2Fmedia&parent=64"}],"curies":[{"name":"wp","href":"https:\/\/api.w.org\/{rel}","templated":true}]}}